{"id":10,"date":"2021-04-30T14:03:22","date_gmt":"2021-04-30T14:03:22","guid":{"rendered":"https:\/\/programmes.lacoachmotivatrice.com\/?page_id=10"},"modified":"2021-04-30T10:14:06","modified_gmt":"2021-04-30T14:14:06","slug":"connexion","status":"publish","type":"page","link":"https:\/\/programmes.lacoachmotivatrice.com\/","title":{"rendered":"Connexion"},"content":{"rendered":"\n\n\t\t\t\t\t\t\t\t\t\t<img src=\"https:\/\/demo.wpbeaveraddons.com\/wp-content\/uploads\/2019\/12\/login-4-logo.png\" alt=\"login-4-logo\" itemprop=\"image\"  \/>\n\t\t<h2>\n\t\t\tVotre portail <br \/>Membre\n\t\t<\/h2>\n\t\t\t<p>Acc\u00e9dez aux formations et produits t\u00e9l\u00e9chargeables de la communaut\u00e9 Mon Poids Bonheur.<\/p>\t\t\n\t\t<link itemprop=\"url\" href=\"https:\/\/programmes.lacoachmotivatrice.com\"\/>\n\t\t<a itemprop=\"sameAs\" href=\"\" target=\"_self\" title=\"\" aria-label=\"\" role=\"button\" rel=\"noopener\">\n\t\t\t\t\t<\/a>\n\t\t<link itemprop=\"url\" href=\"https:\/\/programmes.lacoachmotivatrice.com\"\/>\n\t\t<a itemprop=\"sameAs\" href=\"\" target=\"_self\" title=\"Instagram\" aria-label=\"Instagram\" role=\"button\" rel=\"noopener\">\n\t\t\t\t\t<\/a>\n\t\t<link itemprop=\"url\" href=\"https:\/\/programmes.lacoachmotivatrice.com\"\/>\n\t\t<a itemprop=\"sameAs\" href=\"\" target=\"_self\" title=\"YouTube\" aria-label=\"YouTube\" role=\"button\" rel=\"noopener\">\n\t\t\t\t\t<\/a>\n\t<p>Copyright \u00a9 2021 Nathalie Tremblay<\/p>\n\t\t<h2>\n\t\t\tBienvenue\n\t\t<\/h2>\n\t\t\t\t\t<form id=\"pp-form-\" method=\"post\" action=\"https:\/\/programmes.lacoachmotivatrice.com\/wp-login.php\">\n\t\t\t<input type=\"hidden\" id=\"pp-lf-login-nonce\" name=\"pp-lf-login-nonce\" value=\"b7291e086f\" \/><input type=\"hidden\" name=\"_wp_http_referer\" value=\"\/?fl_builder\" \/>\t\t\t<input type=\"hidden\" name=\"redirect_to\" value=\"\/?fl_builder\"\/>\n\t\t\t\t\t\t\t\t\t\t\t\t<input size=\"1\" type=\"text\" name=\"log\" id=\"user\" placeholder=\"Votre courriel\" \/>\n\t\t\t\t\t\t\t\t\t\t\t\t<input size=\"1\" type=\"password\" name=\"pwd\" id=\"password\" placeholder=\"Votre mot de passe\" \/>\n\t\t\t\t\t\t<label for=\"pp-login-remember-me\">\n\t\t\t\t\t\t\t<input type=\"checkbox\" name=\"rememberme\" id=\"pp-login-remember-me\" \/>\n\t\t\t\t\t\t\tSouvenir de moi\n\t\t\t\t\t\t<\/label>\n\t\t\t\t\t\t<button type=\"submit\" name=\"wp-submit\">\n\t\t\t\t\t\t\tConnexion\n\t\t\t\t\t\t<\/button>\n\t\t\t\t\t\t\t\t\t\t\t\t\t<a href=\"\/?fl_builder&#038;lost_pass=1\">\n\t\t\t\t\t\t\t\tMot de passe oubli\u00e9 ?\t\t\t\t\t\t\t<\/a>\n\t\t\t\t\t\t\t\t\t<!-- \/.pp-login-form-fields -->\n\t\t<\/form>\n\t\t\t\n","protected":false},"excerpt":{"rendered":"<p>Votre portail Membre Acc\u00e9dez aux formations et produits t\u00e9l\u00e9chargeables de la communaut\u00e9 Mon Poids Bonheur. Copyright \u00a9 2021 Nathalie Tremblay Bienvenue Souvenir de moi Connexion Mot de passe oubli\u00e9 ?<\/p>\n","protected":false},"author":1,"featured_media":0,"parent":0,"menu_order":0,"comment_status":"closed","ping_status":"closed","template":"","meta":[],"_links":{"self":[{"href":"https:\/\/programmes.lacoachmotivatrice.com\/index.php?rest_route=\/wp\/v2\/pages\/10"}],"collection":[{"href":"https:\/\/programmes.lacoachmotivatrice.com\/index.php?rest_route=\/wp\/v2\/pages"}],"about":[{"href":"https:\/\/programmes.lacoachmotivatrice.com\/index.php?rest_route=\/wp\/v2\/types\/page"}],"author":[{"embeddable":true,"href":"https:\/\/programmes.lacoachmotivatrice.com\/index.php?rest_route=\/wp\/v2\/users\/1"}],"replies":[{"embeddable":true,"href":"https:\/\/programmes.lacoachmotivatrice.com\/index.php?rest_route=%2Fwp%2Fv2%2Fcomments&post=10"}],"version-history":[{"count":8,"href":"https:\/\/programmes.lacoachmotivatrice.com\/index.php?rest_route=\/wp\/v2\/pages\/10\/revisions"}],"predecessor-version":[{"id":17,"href":"https:\/\/programmes.lacoachmotivatrice.com\/index.php?rest_route=\/wp\/v2\/pages\/10\/revisions\/17"}],"wp:attachment":[{"href":"https:\/\/programmes.lacoachmotivatrice.com\/index.php?rest_route=%2Fwp%2Fv2%2Fmedia&parent=10"}],"curies":[{"name":"wp","href":"https:\/\/api.w.org\/{rel}","templated":true}]}}